{"id":184,"date":"2020-10-31T16:03:49","date_gmt":"2020-10-31T15:03:49","guid":{"rendered":"https:\/\/hahn-transporte.eu\/?page_id=184"},"modified":"2026-03-17T15:23:53","modified_gmt":"2026-03-17T14:23:53","slug":"unser-fuhrpark","status":"publish","type":"page","link":"https:\/\/hahn-transporte.eu\/?page_id=184","title":{"rendered":"Fahrzeuge"},"content":{"rendered":"\n<div class=\"wp-block-buttons is-layout-flex wp-block-buttons-is-layout-flex\"><\/div>\n\n\n\n<p><\/p>\n\n\n\n<div class=\"wp-block-columns is-layout-flex wp-container-core-columns-is-layout-9d6595d7 wp-block-columns-is-layout-flex\">\n<div class=\"wp-block-column is-layout-flow wp-block-column-is-layout-flow\">\n<h4 class=\"wp-block-heading\">LKW &#8211; 12 Tonner, LBW<\/h4>\n\n\n\n<p>Nutzlast: 5.500 kg &#8211; Stellpl\u00e4tze: 17<\/p>\n\n\n\n<p><\/p>\n\n\n\n<h4 class=\"wp-block-heading\">LKW &#8211; 12 Tonner, Curtainsider, LBW     <\/h4>\n\n\n\n<p>Nutzlast: 5.500 kg &#8211; Stellpl\u00e4tze: 17 &#8211; Kranbeladung<\/p>\n<\/div>\n\n\n\n<div class=\"wp-block-column is-layout-flow wp-block-column-is-layout-flow\">\n<h4 class=\"wp-block-heading\">     Transporter<\/h4>\n\n\n\n<p>        Nutzlast: 1200 kg &#8211; Stellpl\u00e4tze: 4<\/p>\n\n\n\n<h4 class=\"wp-block-heading\">     Pkw &#8211; Kastenwagen<\/h4>\n\n\n\n<p>       Nutzlast: 600 kg &#8211; Stellpl\u00e4tze: 1<\/p>\n<\/div>\n<\/div>\n\n\n\n<figure class=\"wp-block-image size-large\"><img loading=\"lazy\" decoding=\"async\" width=\"1024\" height=\"683\" src=\"https:\/\/hahn-transporte.eu\/wp-content\/uploads\/2019\/03\/IMG_5608-1024x683.jpg\" alt=\"\" class=\"wp-image-87\" srcset=\"https:\/\/hahn-transporte.eu\/wp-content\/uploads\/2019\/03\/IMG_5608-1024x683.jpg 1024w, https:\/\/hahn-transporte.eu\/wp-content\/uploads\/2019\/03\/IMG_5608-300x200.jpg 300w, https:\/\/hahn-transporte.eu\/wp-content\/uploads\/2019\/03\/IMG_5608-768x512.jpg 768w, https:\/\/hahn-transporte.eu\/wp-content\/uploads\/2019\/03\/IMG_5608-120x80.jpg 120w\" sizes=\"auto, (max-width: 1024px) 100vw, 1024px\" \/><\/figure>\n","protected":false},"excerpt":{"rendered":"<p>LKW &#8211; 12 Tonner, LBW Nutzlast: 5.500 kg &#8211; Stellpl\u00e4tze: 17 LKW &#8211; 12 Tonner, Curtainsider, LBW Nutzlast: 5.500 kg &#8211; Stellpl\u00e4tze: 17 &#8211; Kranbeladung Transporter Nutzlast: 1200 kg &#8211; Stellpl\u00e4tze: 4 Pkw &#8211; Kastenwagen Nutzlast: 600 kg &#8211; Stellpl\u00e4tze: 1<\/p>\n","protected":false},"author":1,"featured_media":0,"parent":0,"menu_order":0,"comment_status":"closed","ping_status":"closed","template":"","meta":{"neve_meta_sidebar":"","neve_meta_container":"","neve_meta_enable_content_width":"","neve_meta_content_width":0,"neve_meta_title_alignment":"","neve_meta_author_avatar":"","neve_post_elements_order":"","neve_meta_disable_header":"off","neve_meta_disable_footer":"","neve_meta_disable_title":"","footnotes":""},"class_list":["post-184","page","type-page","status-publish","hentry"],"_links":{"self":[{"href":"https:\/\/hahn-transporte.eu\/index.php?rest_route=\/wp\/v2\/pages\/184","targetHints":{"allow":["GET"]}}],"collection":[{"href":"https:\/\/hahn-transporte.eu\/index.php?rest_route=\/wp\/v2\/pages"}],"about":[{"href":"https:\/\/hahn-transporte.eu\/index.php?rest_route=\/wp\/v2\/types\/page"}],"author":[{"embeddable":true,"href":"https:\/\/hahn-transporte.eu\/index.php?rest_route=\/wp\/v2\/users\/1"}],"replies":[{"embeddable":true,"href":"https:\/\/hahn-transporte.eu\/index.php?rest_route=%2Fwp%2Fv2%2Fcomments&post=184"}],"version-history":[{"count":11,"href":"https:\/\/hahn-transporte.eu\/index.php?rest_route=\/wp\/v2\/pages\/184\/revisions"}],"predecessor-version":[{"id":336,"href":"https:\/\/hahn-transporte.eu\/index.php?rest_route=\/wp\/v2\/pages\/184\/revisions\/336"}],"wp:attachment":[{"href":"https:\/\/hahn-transporte.eu\/index.php?rest_route=%2Fwp%2Fv2%2Fmedia&parent=184"}],"curies":[{"name":"wp","href":"https:\/\/api.w.org\/{rel}","templated":true}]}}